{"id":10,"date":"2025-09-27T20:55:26","date_gmt":"2025-09-27T18:55:26","guid":{"rendered":"https:\/\/www.misspauline.fr\/?page_id=10"},"modified":"2025-10-16T15:14:17","modified_gmt":"2025-10-16T13:14:17","slug":"accueil","status":"publish","type":"page","link":"https:\/\/misspauline.fr\/","title":{"rendered":"Accueil"},"content":{"rendered":"\n<h2 class=\"wp-block-heading has-background\" style=\"background-color:#f78da84f\"><strong>MISS PAULINE, Salon de coiffure f\u00e9minin &amp; Head Spa capillaire \u00e0 Angers secteur gare<\/strong>.                                                                                                 <br>                                                                                                                                                                    <br>Bienvenue chez <strong>Miss Pauline<\/strong>, un <strong>Salon de coiffure f\u00e9minin <\/strong>, <strong>chaleureux et intime <\/strong>situ\u00e9 au <strong>7 rue Hoche \u00e0 Angers.  <\/strong>                                                   <br>Avec <strong>plus de 24 ans d\u2019exp\u00e9rience<\/strong>, je vous accueille <strong>seule<\/strong>, dans une <strong>ambiance salon priv\u00e9e<\/strong>, o\u00f9 chaque cliente profite d\u2019un <strong>moment rien qu\u2019\u00e0 elle<\/strong>, en toute tranquillit\u00e9.                                                                                                   Une atmosph\u00e8re <strong>douce, cocooning et familiale<\/strong>, pour se d\u00e9tendre et se sentir bien.                                                                                                                                          <br>Au <strong>salon Miss Pauline<\/strong>, je vous propose un large choix de services pour sublimer vos cheveux: <strong>coupe et brushing femme, head spa capillaire, chignon \u00e9v\u00e9nementiel, balayage, couleurs, permanente et d\u00e9frisage.               <\/strong><br>Profitez aussi de notre <strong>tarif sp\u00e9cial \u00e9tudiante<\/strong>, pour prendre soin de vos cheveux \u00e0 petit prix.                                                                                                              <br>Et surtout je propose le <strong>Head Spa capillaire<\/strong>, une exp\u00e9rience unique m\u00ealant <strong>d\u00e9tente, massage et soin en profondeur.        <\/strong>                                                  <br>Et parce que je sais qu\u2019il n\u2019est pas toujours facile de prendre du temps pour soi, <strong>le jeudi soir, le salon reste ouvert jusqu\u2019\u00e0 21h<\/strong>, pour permettre \u00e0 chacune de venir se d\u00e9tendre apr\u00e8s le travail et profiter d\u2019un moment de bien-\u00eatre.                                                                                                                                      <br>Chez<strong> Miss Pauline<\/strong>, on prend le temps, on \u00e9coute, on conseille\u2026.                           <br>Pour que vous repartiez <strong>apais\u00e9e et sublim\u00e9e.<\/strong> Un lieu o\u00f9 l\u2019on se sent <strong>comme \u00e0 la maison<\/strong>, tout simplement.<br><\/h2>\n\n\n\n<p><\/p>\n\n\n\n<p class=\"has-black-color has-text-color has-link-color wp-elements-9ac00cf961d1ea846fe5a532228b76c6\"><\/p>\n\n\n\n<p>   <\/p>\n","protected":false},"excerpt":{"rendered":"<p>MISS PAULINE, Salon de coiffure f\u00e9minin &amp; Head Spa capillaire \u00e0 Angers secteur gare. Bienvenue chez Miss Pauline, un Salon de coiffure f\u00e9minin , chaleureux et intime situ\u00e9 au 7 rue Hoche \u00e0 Angers. Avec plus de 24 ans d\u2019exp\u00e9rience, je vous accueille seule, dans une ambiance salon priv\u00e9e, o\u00f9 chaque cliente profite d\u2019un moment &hellip; <\/p>\n<p class=\"link-more\"><a href=\"https:\/\/misspauline.fr\/\" class=\"more-link\">Continuer la lecture<span class=\"screen-reader-text\"> de &laquo;&nbsp;Accueil&nbsp;&raquo;<\/span><\/a><\/p>\n","protected":false},"author":1,"featured_media":47,"parent":0,"menu_order":0,"comment_status":"closed","ping_status":"closed","template":"","meta":{"footnotes":""},"class_list":["post-10","page","type-page","status-publish","has-post-thumbnail","hentry"],"_links":{"self":[{"href":"https:\/\/misspauline.fr\/index.php?rest_route=\/wp\/v2\/pages\/10","targetHints":{"allow":["GET"]}}],"collection":[{"href":"https:\/\/misspauline.fr\/index.php?rest_route=\/wp\/v2\/pages"}],"about":[{"href":"https:\/\/misspauline.fr\/index.php?rest_route=\/wp\/v2\/types\/page"}],"author":[{"embeddable":true,"href":"https:\/\/misspauline.fr\/index.php?rest_route=\/wp\/v2\/users\/1"}],"replies":[{"embeddable":true,"href":"https:\/\/misspauline.fr\/index.php?rest_route=%2Fwp%2Fv2%2Fcomments&post=10"}],"version-history":[{"count":11,"href":"https:\/\/misspauline.fr\/index.php?rest_route=\/wp\/v2\/pages\/10\/revisions"}],"predecessor-version":[{"id":99,"href":"https:\/\/misspauline.fr\/index.php?rest_route=\/wp\/v2\/pages\/10\/revisions\/99"}],"wp:featuredmedia":[{"embeddable":true,"href":"https:\/\/misspauline.fr\/index.php?rest_route=\/wp\/v2\/media\/47"}],"wp:attachment":[{"href":"https:\/\/misspauline.fr\/index.php?rest_route=%2Fwp%2Fv2%2Fmedia&parent=10"}],"curies":[{"name":"wp","href":"https:\/\/api.w.org\/{rel}","templated":true}]}}